{"id":6737,"date":"2026-03-06T15:00:50","date_gmt":"2026-03-06T15:00:50","guid":{"rendered":"https:\/\/adk-shop.com\/?post_type=product&#038;p=6737"},"modified":"2026-03-06T15:00:50","modified_gmt":"2026-03-06T15:00:50","slug":"bobine-dallumage-mvt-premium-dd","status":"publish","type":"product","link":"https:\/\/adk-shop.com\/index.php\/product\/bobine-dallumage-mvt-premium-dd\/","title":{"rendered":"Bobine d&#8217;allumage MVT Premium \/ DD"},"content":{"rendered":"<h2><strong>Bobine d&#8217;allumage MVT Premium \/ DD pour Piaggio \/ Derbi Euro 2\/3 \/ AM6<\/strong><\/h2>\n<p>MVT Allumage a \u00e9t\u00e9 fond\u00e9e en France et s&#8217;est ensuite install\u00e9e en Espagne. L&#8217;entreprise est principalement connue pour ses allumages performants.<\/p>\n<p>Les CDI et les bobines influent sur l&#8217;allumage et l&#8217;\u00e9tincelle, des composants indispensables qui doivent \u00eatre remplac\u00e9s imm\u00e9diatement en cas de d\u00e9faut.<\/p>\n<p>Dans ses nouvelles versions, il est livr\u00e9 avec le c\u00e2ble inclus !<\/p>\n","protected":false},"excerpt":{"rendered":"<p>Bobine d&#8217;allumage MVT Premium \/ DD pour Piaggio \/ Derbi Euro 2\/3 \/ AM6 MVT Allumage a \u00e9t\u00e9 fond\u00e9e en France et s&#8217;est ensuite install\u00e9e en Espagne. L&#8217;entreprise est principalement connue pour ses allumages performants. Les CDI et les bobines influent sur l&#8217;allumage et l&#8217;\u00e9tincelle, des composants indispensables qui doivent \u00eatre remplac\u00e9s imm\u00e9diatement en cas [&hellip;]<\/p>\n","protected":false},"featured_media":6738,"comment_status":"open","ping_status":"closed","template":"","meta":[],"product_brand":[237],"product_cat":[132,176],"product_tag":[],"class_list":{"0":"post-6737","1":"product","2":"type-product","3":"status-publish","4":"has-post-thumbnail","6":"product_brand-mvt","7":"product_cat-allumage","8":"product_cat-allumage-scooter","10":"first","11":"instock","12":"shipping-taxable","13":"purchasable","14":"product-type-simple"},"jetpack_sharing_enabled":true,"_links":{"self":[{"href":"https:\/\/adk-shop.com\/index.php\/wp-json\/wp\/v2\/product\/6737","targetHints":{"allow":["GET"]}}],"collection":[{"href":"https:\/\/adk-shop.com\/index.php\/wp-json\/wp\/v2\/product"}],"about":[{"href":"https:\/\/adk-shop.com\/index.php\/wp-json\/wp\/v2\/types\/product"}],"replies":[{"embeddable":true,"href":"https:\/\/adk-shop.com\/index.php\/wp-json\/wp\/v2\/comments?post=6737"}],"wp:featuredmedia":[{"embeddable":true,"href":"https:\/\/adk-shop.com\/index.php\/wp-json\/wp\/v2\/media\/6738"}],"wp:attachment":[{"href":"https:\/\/adk-shop.com\/index.php\/wp-json\/wp\/v2\/media?parent=6737"}],"wp:term":[{"taxonomy":"product_brand","embeddable":true,"href":"https:\/\/adk-shop.com\/index.php\/wp-json\/wp\/v2\/product_brand?post=6737"},{"taxonomy":"product_cat","embeddable":true,"href":"https:\/\/adk-shop.com\/index.php\/wp-json\/wp\/v2\/product_cat?post=6737"},{"taxonomy":"product_tag","embeddable":true,"href":"https:\/\/adk-shop.com\/index.php\/wp-json\/wp\/v2\/product_tag?post=6737"}],"curies":[{"name":"wp","href":"https:\/\/api.w.org\/{rel}","templated":true}]}}