{"id":13,"date":"2026-03-04T22:28:35","date_gmt":"2026-03-04T22:28:35","guid":{"rendered":"https:\/\/adk-shop.com\/?page_id=13"},"modified":"2026-03-05T19:59:34","modified_gmt":"2026-03-05T19:59:34","slug":"expedition","status":"publish","type":"page","link":"https:\/\/adk-shop.com\/index.php\/expedition\/","title":{"rendered":"Politique d&#8217;Exp\u00e9dition"},"content":{"rendered":"\n<p>Modes de livraison <\/p>\n\n\n\n<p>AdkShop propose les options suivantes pour la France m\u00e9tropolitaine : <\/p>\n\n\n\n<p>Colissimo <\/p>\n\n\n\n<p>Mondial Relay <\/p>\n\n\n\n<p>D\u00e9lais de traitement et d\u2019exp\u00e9dition <\/p>\n\n\n\n<p>Toutes les commandes sont pr\u00e9par\u00e9es sous 24 heures apr\u00e8s confirmation du paiement et exp\u00e9di\u00e9es sous 72 heures. Les d\u00e9lais de livraison d\u00e9pendent ensuite du transporteur choisi. <\/p>\n\n\n\n<p>Frais de livraison <\/p>\n\n\n\n<p>Livraison gratuite pour toute commande \u00e0 partir de 120 \u20ac <\/p>\n\n\n\n<p>Pour les commandes inf\u00e9rieures \u00e0 120 \u20ac : <\/p>\n\n\n\n<p>Livraison standard : 5,99 \u20ac <\/p>\n\n\n\n<p>Livraison VIP : 12,99 \u20ac (valable pour toute commande, quel que soit le montant) <\/p>\n\n\n\n<p>Suivi des colis <\/p>\n\n\n\n<p>Toutes les exp\u00e9ditions incluent un num\u00e9ro de suivi pour permettre aux clients de suivre l\u2019acheminement de leur commande. <\/p>\n\n\n\n<p>Zones de livraison Les livraisons sont r\u00e9alis\u00e9es uniquement en France m\u00e9tropolitaine, sans restriction particuli\u00e8re. <\/p>\n\n\n\n<p>Conditions de retour li\u00e9es \u00e0 l\u2019exp\u00e9dition <\/p>\n\n\n\n<p>Les retours sont possibles 30 jours apr\u00e8s r\u00e9ception du colis, conform\u00e9ment \u00e0 la Politique de Retour. Les articles utilis\u00e9s ne sont pas accept\u00e9s pour retour. <\/p>\n\n\n\n<p>Emballage <\/p>\n\n\n\n<p>Les produits sont exp\u00e9di\u00e9s dans des emballages standards garantissant leur protection pendant le transport. <\/p>\n\n\n\n<p>Responsabilit\u00e9 en cas de perte ou dommage <\/p>\n\n\n\n<p>Le suivi fourni par Colissimo et Mondial Relay s\u00e9curise l\u2019exp\u00e9dition. AdkShop ne peut \u00eatre tenu responsable des retards dus au transporteur, sauf en cas de n\u00e9gligence av\u00e9r\u00e9e.<\/p>\n","protected":false},"excerpt":{"rendered":"<p>Modes de livraison AdkShop propose les options suivantes pour la France m\u00e9tropolitaine : Colissimo Mondial Relay D\u00e9lais de traitement et d\u2019exp\u00e9dition Toutes les commandes sont pr\u00e9par\u00e9es sous 24 heures apr\u00e8s confirmation du paiement et exp\u00e9di\u00e9es sous 72 heures. Les d\u00e9lais de livraison d\u00e9pendent ensuite du transporteur choisi. Frais de livraison Livraison gratuite pour toute commande [&hellip;]<\/p>\n","protected":false},"author":2,"featured_media":0,"parent":0,"menu_order":0,"comment_status":"closed","ping_status":"closed","template":"","meta":{"footnotes":""},"class_list":["post-13","page","type-page","status-publish","hentry"],"jetpack_sharing_enabled":true,"_links":{"self":[{"href":"https:\/\/adk-shop.com\/index.php\/wp-json\/wp\/v2\/pages\/13","targetHints":{"allow":["GET"]}}],"collection":[{"href":"https:\/\/adk-shop.com\/index.php\/wp-json\/wp\/v2\/pages"}],"about":[{"href":"https:\/\/adk-shop.com\/index.php\/wp-json\/wp\/v2\/types\/page"}],"author":[{"embeddable":true,"href":"https:\/\/adk-shop.com\/index.php\/wp-json\/wp\/v2\/users\/2"}],"replies":[{"embeddable":true,"href":"https:\/\/adk-shop.com\/index.php\/wp-json\/wp\/v2\/comments?post=13"}],"version-history":[{"count":3,"href":"https:\/\/adk-shop.com\/index.php\/wp-json\/wp\/v2\/pages\/13\/revisions"}],"predecessor-version":[{"id":6679,"href":"https:\/\/adk-shop.com\/index.php\/wp-json\/wp\/v2\/pages\/13\/revisions\/6679"}],"wp:attachment":[{"href":"https:\/\/adk-shop.com\/index.php\/wp-json\/wp\/v2\/media?parent=13"}],"curies":[{"name":"wp","href":"https:\/\/api.w.org\/{rel}","templated":true}]}}